{"id":18,"date":"2016-11-10T11:33:03","date_gmt":"2016-11-10T11:33:03","guid":{"rendered":"http:\/\/sekureco.ro\/?page_id=18"},"modified":"2020-11-02T09:23:13","modified_gmt":"2020-11-02T09:23:13","slug":"despre-noi","status":"publish","type":"page","link":"https:\/\/sekureco.ro\/en\/despre-noi\/","title":{"rendered":"Despre Noi"},"content":{"rendered":"<section id=\"\"  class=\"light\"> <div class=\"container\">  <div class=\"row\"><div class=\"col-md-12  text-default\" >[vc_column_text]<strong>SEKU\u00aeECO \u2013 Protect &#038; Guard<\/strong> \u00ee\u015fi desf\u0103\u015foar\u0103 activitatea \u00een conformitate cu prevederile <strong>Legii nr. 333\/2003<\/strong> modificat\u0103 \u015fi completat\u0103, <strong>H.G.301\/2012 \u015fi autorizat\u0103 de I.G.P<\/strong>., av\u00e2nd ca obiect de activitate: <em>prestarea de servicii de supraveghere, protec\u0163ie \u015fi paz\u0103 a obiectivelor, bunurilor \u015fi valorilor, proiectarea, instalarea \u015fi exploatarea mijloacelor tehnice \u00eempotriva efrac\u0163iilor \u015fi dispune de o <strong>poli\u0163\u0103 de asigurare<\/strong> \u00een valoare de 100.k \u20ac, \u00a0pentru daune cauzate beneficiarilor.<\/em><\/p>\n<p><strong>SEKU\u00aeECO \u2013 Protect &#038; Guard<\/strong> este o companie de elit\u0103, construit\u0103 pe principii solide ce stau la baza organiz\u0103rii activit\u0103\u0163ii de paz\u0103 \u015fi protec\u0163ie: c<em>unoa\u015fterea sistemelor de securitate, concepte de securitate fizic\u0103, identificarea riscurilor, controlul accesului, proceduri de control, patrulare, security, proceduri de comunicare, cunoa\u015fterea legisla\u0163iei \u00een vigoare, corespunz\u0103toare domeniului.<\/em> Personalul de paz\u0103 este permanent preg\u0103tit \u015fi verificat prin activit\u0103\u0163i teoretice \u015fi practice. Este imaginea unui partener profitabil pentru to\u0163i \u015fi de aceea transmite \u00eempreun\u0103 cu serviciile sale la standarde profesionale de cea mai bun\u0103 calitate, respect \u015fi \u00eencredere \u00een rela\u0163ia cu clien\u0163ii.<\/p>\n<p>Activitatea societ\u0103\u0163ii este sus\u0163inut\u0103 de cadre de conducere care dispun de o bogat\u0103 experien\u0163\u0103 de specialitate, av\u00e2nd posibilitatea s\u0103 dezvolte o gam\u0103 de servicii de paz\u0103, supraveghere, interven\u0163ie, transport valori \u015fi \u00eenso\u0163ire de persoane. Asigur\u0103m dispozitive de paz\u0103, ordine, protec\u0163ie,control acces prin agen\u0163i califica\u0163i \u015fi atesta\u0163i.<\/p>\n<p>Noile tendin\u0163e \u00een domeniu \u015fi concuren\u0163a din ce \u00een ce mai acerb\u0103 ne impun s\u0103 folosim tehnologie de ultim\u0103 genera\u0163ie, agreat\u0103 de Uniunea European\u0103, ce asigur\u0103 protec\u0163ie \u00eentr-un mod profesional prin tehnici \u015fi echipamente moderne \u00een domeniul pazei, protec\u0163iei, accesului, dispeceriz\u0103rii, interven\u0163ie rapide, transport valori, sisteme de monitorizare \u015fi alarmare. Dotarea tehnic\u0103 a agen\u0163ilor de paz\u0103 este complet\u0103 \u015fi specific\u0103 obiectivului (sta\u0163ii de emisie-recep\u0163ie, tonf\u0103, spray iritant sau lacrimogen, baston cu electro\u015focuri, lantern\u0103, binoclu infraro\u015fu, uniform\u0103 de protec\u0163ie, pistol &#8211; unde situa\u0163ia o impune).<\/p>\n<p>\u00cen urma analizelor \u015fi statisticilor efectuate pe domeniul nostru de activitate, privind modul de organizare \u015fi func\u0163ionare al firmelor de paz\u0103 \u015fi protec\u0163ie precum \u015fi a efectelor produse asupra clien\u0163ilor, ne-am\u00a0 elaborat propriile noastre criterii profesionale:<\/p>\n<ul>\n<li>Profesionalism<\/li>\n<li>Promptitudine<\/li>\n<li>Eficien\u0163\u0103<\/li>\n<li>Respect reciproc<\/li>\n<li>Loialitate<\/li>\n<li>Evolu\u0163ie<\/li>\n<\/ul>\n<p>Managementul\u00a0 <strong>SEKU\u00aeECO \u2013 Protect &#038; Guard<\/strong>\u00a0se impune prin implicare, devotament \u015fi dinamism, astfel putem fi competitivi, pentru a v\u0103 oferi \u00eencrederea de care este nevoie \u00eentr-o colaborare de succes.<\/p>\n<hr \/>\n<p>[\/vc_column_text]<\/div>  <\/div>  <\/div><\/section><section id=\"\"  class=\"light\"> <div class=\"container\">  <div class=\"row\"><h2 class=\"section_header elegant centered\">SEKU\u00aeECO \u2013 Protect & Guard<small>PORTOFOLIUL DE CLIEN\u021aI: V\u0103 prezent\u0103m c\u00e2teva companii importante care au ales serviciile noastre:<\/small><\/h2><div class=\"col-md-12  text-default\" ><div class=\"clients_list\"><a href=\"#\"><img src=\"https:\/\/sekureco.ro\/wp-content\/uploads\/2016\/11\/adora-park-1.png\" alt=\"adora park\"><\/a><a href=\"#\"><img src=\"https:\/\/sekureco.ro\/wp-content\/uploads\/2016\/11\/autoeuropa-1.jpg\" alt=\"autoeuropa\"><\/a><a href=\"#\"><img src=\"https:\/\/sekureco.ro\/wp-content\/uploads\/2016\/11\/benning.png\" alt=\"benning\"><\/a><a href=\"#\"><img src=\"https:\/\/sekureco.ro\/wp-content\/uploads\/2016\/11\/Birda-1.jpg\" alt=\"Birda\"><\/a><a href=\"#\"><img src=\"https:\/\/sekureco.ro\/wp-content\/uploads\/2016\/11\/black_sea.png\" alt=\"black_sea\"><\/a><a href=\"#\"><img src=\"https:\/\/sekureco.ro\/wp-content\/uploads\/2016\/11\/cefin.jpg\" alt=\"cefin\"><\/a><a href=\"#\"><img src=\"https:\/\/sekureco.ro\/wp-content\/uploads\/2016\/11\/CEI.png\" alt=\"CEI\"><\/a><a href=\"#\"><img src=\"https:\/\/sekureco.ro\/wp-content\/uploads\/2016\/11\/centrogroup-1.png\" alt=\"centrogroup\"><\/a><a href=\"#\"><img src=\"https:\/\/sekureco.ro\/wp-content\/uploads\/2016\/11\/check-inn.png\" alt=\"check-inn\"><\/a><a href=\"#\"><img src=\"https:\/\/sekureco.ro\/wp-content\/uploads\/2016\/11\/cheetah.png\" alt=\"cheetah\"><\/a><a href=\"#\"><img src=\"https:\/\/sekureco.ro\/wp-content\/uploads\/2016\/11\/CreditEuropeBank.png\" alt=\"CreditEuropeBank\"><\/a><a href=\"#\"><img src=\"https:\/\/sekureco.ro\/wp-content\/uploads\/2016\/11\/danya-cebus.png\" alt=\"danya cebus\"><\/a><a href=\"#\"><img src=\"https:\/\/sekureco.ro\/wp-content\/uploads\/2016\/11\/dunasteel.png\" alt=\"dunasteel\"><\/a><a href=\"#\"><img src=\"https:\/\/sekureco.ro\/wp-content\/uploads\/2016\/11\/emiliana.png\" alt=\"emiliana\"><\/a><a href=\"#\"><img src=\"https:\/\/sekureco.ro\/wp-content\/uploads\/2016\/11\/EUROCCOPER.png\" alt=\"EUROCCOPER\"><\/a><a href=\"#\"><img src=\"https:\/\/sekureco.ro\/wp-content\/uploads\/2016\/11\/filtration-group.png\" alt=\"filtration group\"><\/a><a href=\"#\"><img src=\"https:\/\/sekureco.ro\/wp-content\/uploads\/2016\/11\/Gabbro-Ceradez.gif\" alt=\"Gabbro Ceradez\"><\/a><a href=\"#\"><img src=\"https:\/\/sekureco.ro\/wp-content\/uploads\/2016\/11\/Gazprom.png\" alt=\"Gazprom\"><\/a><a href=\"#\"><img src=\"https:\/\/sekureco.ro\/wp-content\/uploads\/2016\/11\/hyperion_logo.png\" alt=\"hyperion_logo\"><\/a><a href=\"#\"><img src=\"https:\/\/sekureco.ro\/wp-content\/uploads\/2016\/11\/ING.png\" alt=\"ING\"><\/a><a href=\"#\"><img src=\"https:\/\/sekureco.ro\/wp-content\/uploads\/2016\/11\/logo-adora-forest.png\" alt=\"logo-adora-forest\"><\/a><a href=\"#\"><img src=\"https:\/\/sekureco.ro\/wp-content\/uploads\/2016\/11\/mahle.jpg\" alt=\"mahle\"><\/a><a href=\"#\"><img src=\"https:\/\/sekureco.ro\/wp-content\/uploads\/2016\/11\/marazzi.png\" alt=\"marazzi\"><\/a><a href=\"#\"><img src=\"https:\/\/sekureco.ro\/wp-content\/uploads\/2016\/11\/missio-link.jpg\" alt=\"missio link\"><\/a><a href=\"#\"><img src=\"https:\/\/sekureco.ro\/wp-content\/uploads\/2016\/11\/NIS-petrol.jpg\" alt=\"NIS petrol\"><\/a><a href=\"#\"><img src=\"https:\/\/sekureco.ro\/wp-content\/uploads\/2016\/11\/smartcashcarry_large.jpg\" alt=\"smartcashcarry_large\"><\/a><a href=\"#\"><img src=\"https:\/\/sekureco.ro\/wp-content\/uploads\/2016\/11\/Tagore-Group-Logo.png\" alt=\"Tagore-Group-Logo\"><\/a><a href=\"#\"><img src=\"https:\/\/sekureco.ro\/wp-content\/uploads\/2016\/11\/volksbanck.png\" alt=\"volksbanck\"><\/a><\/div><\/div>  <\/div>  <\/div><\/section>\n","protected":false},"excerpt":{"rendered":"[vc_column_text]SEKU\u00aeECO \u2013 Protect &amp; Guard \u00ee\u015fi desf\u0103\u015foar\u0103 activitatea \u00een conformitate cu prevederile Legii nr. 333\/2003 modificat\u0103 \u015fi completat\u0103, H.G.301\/2012 \u015fi autorizat\u0103 de I.G.P., av\u00e2nd ca obiect de activitate: prestarea de servicii de supraveghere, protec\u0163ie \u015fi paz\u0103 a obiectivelor, bunurilor \u015fi valorilor, proiectarea, instalarea \u015fi exploatarea mijloacelor tehnice \u00eempotriva efrac\u0163iilor \u015fi dispune de o poli\u0163\u0103 de [...]","protected":false},"author":1,"featured_media":0,"parent":0,"menu_order":2,"comment_status":"closed","ping_status":"closed","template":"","meta":[],"_links":{"self":[{"href":"https:\/\/sekureco.ro\/en\/wp-json\/wp\/v2\/pages\/18"}],"collection":[{"href":"https:\/\/sekureco.ro\/en\/wp-json\/wp\/v2\/pages"}],"about":[{"href":"https:\/\/sekureco.ro\/en\/wp-json\/wp\/v2\/types\/page"}],"author":[{"embeddable":true,"href":"https:\/\/sekureco.ro\/en\/wp-json\/wp\/v2\/users\/1"}],"replies":[{"embeddable":true,"href":"https:\/\/sekureco.ro\/en\/wp-json\/wp\/v2\/comments?post=18"}],"version-history":[{"count":24,"href":"https:\/\/sekureco.ro\/en\/wp-json\/wp\/v2\/pages\/18\/revisions"}],"predecessor-version":[{"id":2310,"href":"https:\/\/sekureco.ro\/en\/wp-json\/wp\/v2\/pages\/18\/revisions\/2310"}],"wp:attachment":[{"href":"https:\/\/sekureco.ro\/en\/wp-json\/wp\/v2\/media?parent=18"}],"curies":[{"name":"wp","href":"https:\/\/api.w.org\/{rel}","templated":true}]}}